{"id":3623,"date":"2024-03-19T13:22:25","date_gmt":"2024-03-19T12:22:25","guid":{"rendered":"https:\/\/kapres.es\/?page_id=3623"},"modified":"2025-06-25T10:15:21","modified_gmt":"2025-06-25T08:15:21","slug":"solutions","status":"publish","type":"page","link":"https:\/\/kapres.es\/en\/solutions\/","title":{"rendered":"Solutions"},"content":{"rendered":"<div class=\"wpb-content-wrapper\"><p>[vc_row css_animation=&#8221;&#8221; row_type=&#8221;row&#8221; use_row_as_full_screen_section=&#8221;no&#8221; type=&#8221;full_width&#8221; angled_section=&#8221;no&#8221; text_align=&#8221;left&#8221; background_image_as_pattern=&#8221;without_pattern&#8221;][vc_column][qode_elements_holder number_of_columns=&#8221;two_columns&#8221;][qode_elements_holder_item vertical_alignment=&#8221;middle&#8221; advanced_animations=&#8221;no&#8221; item_padding=&#8221;15% 2% 0% 38%&#8221; item_padding_1280_1440=&#8221;15% 2% 0% 26%&#8221; item_padding_1024_1280=&#8221;15% 2% 0% 19%&#8221; item_padding_768_1024=&#8221;15% 2% 0% 4%&#8221; item_padding_600_768=&#8221;15% 4% 0% 4%&#8221; item_padding_480_600=&#8221;15% 4% 0% 4%&#8221; item_padding_480=&#8221;15% 4% 0% 4%&#8221;][vc_single_image image=&#8221;405&#8243; img_size=&#8221;full&#8221; alignment=&#8221;center&#8221; qode_css_animation=&#8221;&#8221;][\/qode_elements_holder_item][qode_elements_holder_item vertical_alignment=&#8221;middle&#8221; advanced_animations=&#8221;no&#8221; item_padding=&#8221;73px 41% 0 31px&#8221; item_padding_1280_1440=&#8221;73px 26% 0 31px&#8221; item_padding_1024_1280=&#8221;73px 15% 0 31px&#8221; item_padding_768_1024=&#8221;73px 2% 0 15px&#8221; item_padding_600_768=&#8221;73px 4% 0 4%&#8221; item_padding_480_600=&#8221;73px 4% 0 4%&#8221; item_padding_480=&#8221;73px 4% 0 4%&#8221;][vc_column_text css=&#8221;&#8221;]<\/p>\n<h2>Managed <span style=\"color: #17a637;\">Cybersecurity.<\/span><\/h2>\n<p>[\/vc_column_text][vc_empty_space height=&#8221;12px&#8221;][vc_column_text]<\/p>\n<h5><span style=\"color: #666666;\">Para peque\u00f1as y medianas empresas. <\/span><\/h5>\n<p>[\/vc_column_text][vc_empty_space height=&#8221;30px&#8221;][vc_column_text]<\/p>\n<h4>El 94% de las empresas espa\u00f1olas reconoce haber sufrido alg\u00fan incidente en materia de ciberseguridad en 2023. Conf\u00eda en nosotros para salvaguardar la integridad de tu informaci\u00f3n y mantener tu negocio seguro en un mundo digital en constante evoluci\u00f3n.<\/h4>\n<p>[\/vc_column_text][vc_empty_space height=&#8221;30px&#8221;]\n\n\t<a href=\"https:\/\/kapres.es\/ciberseguridad-gestionada\/\" target=\"_self\" style=\"color: #ffffff;background-color: #17a637;font-size: 17px;font-weight: 600;margin: 0 0 0 0\" class=\"qode-btn qode-btn-medium qode-btn-solid qode-btn-custom-hover-bg qode-btn-custom-hover-color qode-btn-custom-icon-bg-hover-color qode-btn-icon qode-btn-icon-square qode-btn-icon-rotate\" data-hover-bg-color=\"#17a637\" data-hover-color=\"#ffffff\" >\n\t    <span class=\"qode-btn-text\">Ver Servicio<\/span><span class=\"qode-button-v2-icon-holder\" style=\"font-size: 26px;border-color: #17a637;background-color: #49bd75\" data-hover-icon-border-color=\"#17a637\" data-hover-icon-bg-color=\"#49bd75\"><span aria-hidden=\"true\" class=\"qode_icon_font_elegant icon_plus qode-button-v2-icon-holder-inner\" ><\/span><\/span>\t<\/a>\n\n[\/qode_elements_holder_item][\/qode_elements_holder][\/vc_column][\/vc_row][vc_row css_animation=&#8221;&#8221; row_type=&#8221;row&#8221; use_row_as_full_screen_section=&#8221;no&#8221; type=&#8221;full_width&#8221; angled_section=&#8221;no&#8221; text_align=&#8221;left&#8221; background_image_as_pattern=&#8221;without_pattern&#8221; z_index=&#8221;&#8221;][vc_column][qode_elements_holder number_of_columns=&#8221;two_columns&#8221; custom_class=&#8221;contenedor-flex-soluciones&#8221;][qode_elements_holder_item vertical_alignment=&#8221;middle&#8221; advanced_animations=&#8221;no&#8221; item_padding=&#8221;32px 42px 0 38%&#8221; item_padding_1280_1440=&#8221;32px 42px 0 26%&#8221; item_padding_1024_1280=&#8221;32px 42px 0 18%&#8221; item_padding_768_1024=&#8221;31px 10px 0 4%&#8221; item_padding_600_768=&#8221;73px 4% 0 4%&#8221; item_padding_480_600=&#8221;73px 4% 0 4%&#8221; item_padding_480=&#8221;73px 4% 0 4%&#8221;][vc_column_text css=&#8221;&#8221;]<\/p>\n<h2>Inteligencia<span style=\"color: #17a637;\"> Artificial.<\/span><\/h2>\n<p>[\/vc_column_text][vc_empty_space height=&#8221;30px&#8221;][vc_column_text css=&#8221;&#8221;]<\/p>\n<h4>Ofrecemos soluciones avanzadas de inteligencia artificial dise\u00f1adas para transformar su negocio. Desde ReBrain, que utiliza IA y realidad virtual para la rehabilitaci\u00f3n de pacientes y Andrea, un proyecto innovador para la detecci\u00f3n temprana de s\u00edntomas depresivos en j\u00f3venes. Nuestros productos est\u00e1n a la vanguardia de la tecnolog\u00eda, mejorando la eficiencia y la seguridad.<\/h4>\n<p>[\/vc_column_text][vc_empty_space height=&#8221;30px&#8221;]\n\n\t<a href=\"https:\/\/kapres.es\/inteligencia-artificial\/\" target=\"_self\" style=\"color: #ffffff;background-color: #17a637;font-size: 17px;font-weight: 600;margin: 0 0 0 0\" class=\"qode-btn qode-btn-medium qode-btn-solid qode-btn-custom-hover-bg qode-btn-custom-hover-color qode-btn-custom-icon-bg-hover-color qode-btn-icon qode-btn-icon-square qode-btn-icon-rotate\" data-hover-bg-color=\"#17a637\" data-hover-color=\"#ffffff\" >\n\t    <span class=\"qode-btn-text\">Ver Servicio<\/span><span class=\"qode-button-v2-icon-holder\" style=\"font-size: 26px;border-color: #17a637;background-color: #49bd75\" data-hover-icon-border-color=\"#17a637\" data-hover-icon-bg-color=\"#49bd75\"><span aria-hidden=\"true\" class=\"qode_icon_font_elegant icon_plus qode-button-v2-icon-holder-inner\" ><\/span><\/span>\t<\/a>\n\n[\/qode_elements_holder_item][qode_elements_holder_item vertical_alignment=&#8221;middle&#8221; advanced_animations=&#8221;no&#8221; item_padding=&#8221;12% 37% 0% 3%&#8221; item_padding_1280_1440=&#8221;12% 26% 0% 3%&#8221; item_padding_1024_1280=&#8221;12% 15% 0% 3%&#8221; item_padding_768_1024=&#8221;12% 4% 0% 2%&#8221; item_padding_600_768=&#8221;12% 4% 0% 4%&#8221; item_padding_480_600=&#8221;12% 4% 0% 4%&#8221; item_padding_480=&#8221;12% 4% 0% 4%&#8221;][vc_single_image image=&#8221;2996&#8243; img_size=&#8221;full&#8221; alignment=&#8221;center&#8221; css=&#8221;&#8221; qode_css_animation=&#8221;&#8221;][\/qode_elements_holder_item][\/qode_elements_holder][\/vc_column][\/vc_row][vc_row css_animation=&#8221;&#8221; row_type=&#8221;row&#8221; use_row_as_full_screen_section=&#8221;no&#8221; type=&#8221;full_width&#8221; angled_section=&#8221;no&#8221; text_align=&#8221;left&#8221; background_image_as_pattern=&#8221;without_pattern&#8221;][vc_column][qode_elements_holder number_of_columns=&#8221;two_columns&#8221;][qode_elements_holder_item vertical_alignment=&#8221;middle&#8221; advanced_animations=&#8221;no&#8221; item_padding=&#8221;15% 2% 0% 38%&#8221; item_padding_1280_1440=&#8221;15% 2% 0% 26%&#8221; item_padding_1024_1280=&#8221;15% 2% 0% 19%&#8221; item_padding_768_1024=&#8221;15% 2% 0% 4%&#8221; item_padding_600_768=&#8221;15% 4% 0% 4%&#8221; item_padding_480_600=&#8221;15% 4% 0% 4%&#8221; item_padding_480=&#8221;15% 4% 0% 4%&#8221;][vc_single_image image=&#8221;578&#8243; img_size=&#8221;full&#8221; qode_css_animation=&#8221;&#8221;][\/qode_elements_holder_item][qode_elements_holder_item vertical_alignment=&#8221;middle&#8221; advanced_animations=&#8221;no&#8221; item_padding=&#8221;73px 41% 0 31px&#8221; item_padding_1280_1440=&#8221;73px 26% 0 31px&#8221; item_padding_1024_1280=&#8221;73px 15% 0 31px&#8221; item_padding_768_1024=&#8221;73px 2% 0 15px&#8221; item_padding_600_768=&#8221;73px 4% 0 4%&#8221; item_padding_480_600=&#8221;73px 4% 0 4%&#8221; item_padding_480=&#8221;73px 4% 0 4%&#8221;][vc_column_text]<\/p>\n<h2>RPA <span style=\"color: #17a637;\">&amp; Hiperautomatizaci\u00f3n.<\/span><\/h2>\n<p>[\/vc_column_text][vc_empty_space height=&#8221;30px&#8221;][vc_column_text]<\/p>\n<h4>Impulsa la eficiencia y la productividad con nuestra soluci\u00f3n de RPA &amp; Hiperautomatizaci\u00f3n. Automatizamos procesos manuales, liberando tiempo y recursos para actividades estrat\u00e9gicas. Desde la evaluaci\u00f3n inicial hasta la implementaci\u00f3n, garantizamos una integraci\u00f3n perfecta y resultados tangibles. Conf\u00eda en nosotros para optimizar tu empresa con tecnolog\u00eda de vanguardia y un enfoque personalizado.<\/h4>\n<p>[\/vc_column_text][vc_empty_space height=&#8221;30px&#8221;]\n\n\t<a href=\"https:\/\/kapres.es\/rpa-hiperautomatizacion\/\" target=\"_self\" style=\"color: #ffffff;background-color: #17a637;font-size: 17px;font-weight: 600;margin: 0 0 0 0\" class=\"qode-btn qode-btn-medium qode-btn-solid qode-btn-custom-hover-bg qode-btn-custom-hover-color qode-btn-custom-icon-bg-hover-color qode-btn-icon qode-btn-icon-square qode-btn-icon-rotate\" data-hover-bg-color=\"#17a637\" data-hover-color=\"#ffffff\" >\n\t    <span class=\"qode-btn-text\">Ver Servicio<\/span><span class=\"qode-button-v2-icon-holder\" style=\"font-size: 26px;border-color: #17a637;background-color: #49bd75\" data-hover-icon-border-color=\"#17a637\" data-hover-icon-bg-color=\"#49bd75\"><span aria-hidden=\"true\" class=\"qode_icon_font_elegant icon_plus qode-button-v2-icon-holder-inner\" ><\/span><\/span>\t<\/a>\n\n[\/qode_elements_holder_item][\/qode_elements_holder][\/vc_column][\/vc_row][vc_row css_animation=&#8221;&#8221; row_type=&#8221;row&#8221; use_row_as_full_screen_section=&#8221;no&#8221; type=&#8221;full_width&#8221; angled_section=&#8221;no&#8221; text_align=&#8221;left&#8221; background_image_as_pattern=&#8221;without_pattern&#8221; z_index=&#8221;&#8221;][vc_column][qode_elements_holder number_of_columns=&#8221;two_columns&#8221; custom_class=&#8221;contenedor-flex-soluciones&#8221;][qode_elements_holder_item vertical_alignment=&#8221;middle&#8221; advanced_animations=&#8221;no&#8221; item_padding=&#8221;32px 42px 0 38%&#8221; item_padding_1280_1440=&#8221;32px 42px 0 26%&#8221; item_padding_1024_1280=&#8221;32px 42px 0 18%&#8221; item_padding_768_1024=&#8221;31px 10px 0 4%&#8221; item_padding_600_768=&#8221;73px 4% 0 4%&#8221; item_padding_480_600=&#8221;73px 4% 0 4%&#8221; item_padding_480=&#8221;73px 4% 0 4%&#8221;][vc_column_text]<\/p>\n<h2>E-<span style=\"color: #17a637;\">Marketing.<\/span><\/h2>\n<p>[\/vc_column_text][vc_empty_space height=&#8221;30px&#8221;][vc_column_text]<\/p>\n<h4>Maximiza tu alcance y aumenta tus ventas con nuestro servicio de e-marketing. Dise\u00f1amos estrategias personalizadas que aprovechan al m\u00e1ximo el poder del marketing digital para llegar a tu audiencia objetivo. Desde campa\u00f1as de correo electr\u00f3nico hasta publicidad en redes sociales, te ayudamos a destacarte en el mundo digital y a impulsar el crecimiento de tu negocio. Conf\u00eda en nosotros para llevar tu marketing al siguiente nivel.<\/h4>\n<p>[\/vc_column_text][vc_empty_space height=&#8221;30px&#8221;]\n\n\t<a href=\"https:\/\/kapres.es\/e-marketing\/\" target=\"_self\" style=\"color: #ffffff;background-color: #17a637;font-size: 17px;font-weight: 600;margin: 0 0 0 0\" class=\"qode-btn qode-btn-medium qode-btn-solid qode-btn-custom-hover-bg qode-btn-custom-hover-color qode-btn-custom-icon-bg-hover-color qode-btn-icon qode-btn-icon-square qode-btn-icon-rotate\" data-hover-bg-color=\"#17a637\" data-hover-color=\"#ffffff\" >\n\t    <span class=\"qode-btn-text\">Ver Servicio<\/span><span class=\"qode-button-v2-icon-holder\" style=\"font-size: 26px;border-color: #17a637;background-color: #49bd75\" data-hover-icon-border-color=\"#17a637\" data-hover-icon-bg-color=\"#49bd75\"><span aria-hidden=\"true\" class=\"qode_icon_font_elegant icon_plus qode-button-v2-icon-holder-inner\" ><\/span><\/span>\t<\/a>\n\n[\/qode_elements_holder_item][qode_elements_holder_item vertical_alignment=&#8221;middle&#8221; advanced_animations=&#8221;no&#8221; item_padding=&#8221;12% 37% 0% 3%&#8221; item_padding_1280_1440=&#8221;12% 26% 0% 3%&#8221; item_padding_1024_1280=&#8221;12% 15% 0% 3%&#8221; item_padding_768_1024=&#8221;12% 4% 0% 2%&#8221; item_padding_600_768=&#8221;12% 4% 0% 4%&#8221; item_padding_480_600=&#8221;12% 4% 0% 4%&#8221; item_padding_480=&#8221;12% 4% 0% 4%&#8221;][vc_single_image image=&#8221;584&#8243; img_size=&#8221;full&#8221; alignment=&#8221;center&#8221; qode_css_animation=&#8221;&#8221;][\/qode_elements_holder_item][\/qode_elements_holder][\/vc_column][\/vc_row][vc_row css_animation=&#8221;&#8221; row_type=&#8221;row&#8221; use_row_as_full_screen_section=&#8221;no&#8221; type=&#8221;full_width&#8221; angled_section=&#8221;no&#8221; text_align=&#8221;left&#8221; background_image_as_pattern=&#8221;without_pattern&#8221;][vc_column][qode_elements_holder number_of_columns=&#8221;two_columns&#8221;][qode_elements_holder_item vertical_alignment=&#8221;middle&#8221; advanced_animations=&#8221;no&#8221; item_padding=&#8221;15% 2% 0% 38%&#8221; item_padding_1280_1440=&#8221;15% 2% 0% 26%&#8221; item_padding_1024_1280=&#8221;15% 2% 0% 19%&#8221; item_padding_768_1024=&#8221;15% 2% 0% 4%&#8221; item_padding_600_768=&#8221;15% 4% 0% 4%&#8221; item_padding_480_600=&#8221;15% 4% 0% 4%&#8221; item_padding_480=&#8221;15% 4% 0% 4%&#8221;][vc_single_image image=&#8221;589&#8243; img_size=&#8221;full&#8221; alignment=&#8221;center&#8221; qode_css_animation=&#8221;&#8221;][\/qode_elements_holder_item][qode_elements_holder_item vertical_alignment=&#8221;middle&#8221; advanced_animations=&#8221;no&#8221; item_padding=&#8221;73px 41% 0 31px&#8221; item_padding_1280_1440=&#8221;73px 26% 0 31px&#8221; item_padding_1024_1280=&#8221;73px 15% 0 31px&#8221; item_padding_768_1024=&#8221;73px 2% 0 15px&#8221; item_padding_600_768=&#8221;73px 4% 0 4%&#8221; item_padding_480_600=&#8221;73px 4% 0 4%&#8221; item_padding_480=&#8221;73px 4% 0 4%&#8221;][vc_column_text]<\/p>\n<h2>Consul<span style=\"color: #17a637;\">tor\u00eda.<\/span><\/h2>\n<p>[\/vc_column_text][vc_empty_space height=&#8221;30px&#8221;][vc_column_text]<\/p>\n<h4>Potencia el \u00e9xito de tu empresa con nuestra consultor\u00eda especializada. Ofrecemos soluciones personalizadas y estrat\u00e9gicas para abordar tus desaf\u00edos comerciales. Desde an\u00e1lisis de mercado hasta estrategias de crecimiento, nuestro equipo experto est\u00e1 aqu\u00ed para ayudarte a alcanzar tus metas. Conf\u00eda en nuestra experiencia para impulsar el desarrollo de tu negocio.<\/h4>\n<p>[\/vc_column_text][vc_empty_space height=&#8221;30px&#8221;]\n\n\t<a href=\"https:\/\/kapres.es\/consultoria-it\/\" target=\"_self\" style=\"color: #ffffff;background-color: #17a637;font-size: 17px;font-weight: 600;margin: 0 0 0 0\" class=\"qode-btn qode-btn-medium qode-btn-solid qode-btn-custom-hover-bg qode-btn-custom-hover-color qode-btn-custom-icon-bg-hover-color qode-btn-icon qode-btn-icon-square qode-btn-icon-rotate\" data-hover-bg-color=\"#17a637\" data-hover-color=\"#ffffff\" >\n\t    <span class=\"qode-btn-text\">Ver Servicio<\/span><span class=\"qode-button-v2-icon-holder\" style=\"font-size: 26px;border-color: #17a637;background-color: #49bd75\" data-hover-icon-border-color=\"#17a637\" data-hover-icon-bg-color=\"#49bd75\"><span aria-hidden=\"true\" class=\"qode_icon_font_elegant icon_plus qode-button-v2-icon-holder-inner\" ><\/span><\/span>\t<\/a>\n\n[\/qode_elements_holder_item][\/qode_elements_holder][\/vc_column][\/vc_row][vc_row css_animation=&#8221;&#8221; row_type=&#8221;row&#8221; use_row_as_full_screen_section=&#8221;no&#8221; type=&#8221;full_width&#8221; angled_section=&#8221;no&#8221; text_align=&#8221;left&#8221; background_image_as_pattern=&#8221;without_pattern&#8221; z_index=&#8221;&#8221; css=&#8221;.vc_custom_1717741747139{padding-bottom: 40px !important;}&#8221;][vc_column][qode_elements_holder number_of_columns=&#8221;two_columns&#8221; custom_class=&#8221;contenedor-flex-soluciones&#8221;][qode_elements_holder_item vertical_alignment=&#8221;middle&#8221; advanced_animations=&#8221;no&#8221; item_padding=&#8221;32px 42px 0 38%&#8221; item_padding_1280_1440=&#8221;32px 42px 0 26%&#8221; item_padding_1024_1280=&#8221;32px 42px 0 18%&#8221; item_padding_768_1024=&#8221;31px 10px 0 4%&#8221; item_padding_600_768=&#8221;73px 4% 0 4%&#8221; item_padding_480_600=&#8221;73px 4% 0 4%&#8221; item_padding_480=&#8221;73px 4% 0 4%&#8221;][vc_column_text]<\/p>\n<h2>Outs<span style=\"color: #17a637;\">ourcing.<\/span><\/h2>\n<p>[\/vc_column_text][vc_empty_space height=&#8221;30px&#8221;][vc_column_text]<\/p>\n<h4>El correo electr\u00f3nico es una herramienta fundamental para la comunicaci\u00f3n empresarial, pero tambi\u00e9n es un vector de ataque importante para los ciberdelincuentes. Proteger su correo electr\u00f3nico es fundamental para garantizar la seguridad de su negocio.<\/h4>\n<p>[\/vc_column_text][vc_empty_space height=&#8221;30px&#8221;]\n\n\t<a href=\"https:\/\/kapres.es\/outsourcing\/\" target=\"_self\" style=\"color: #ffffff;background-color: #17a637;font-size: 17px;font-weight: 600;margin: 0 0 0 0\" class=\"qode-btn qode-btn-medium qode-btn-solid qode-btn-custom-hover-bg qode-btn-custom-hover-color qode-btn-custom-icon-bg-hover-color qode-btn-icon qode-btn-icon-square qode-btn-icon-rotate\" data-hover-bg-color=\"#17a637\" data-hover-color=\"#ffffff\" >\n\t    <span class=\"qode-btn-text\">Ver Servicio<\/span><span class=\"qode-button-v2-icon-holder\" style=\"font-size: 26px;border-color: #17a637;background-color: #49bd75\" data-hover-icon-border-color=\"#17a637\" data-hover-icon-bg-color=\"#49bd75\"><span aria-hidden=\"true\" class=\"qode_icon_font_elegant icon_plus qode-button-v2-icon-holder-inner\" ><\/span><\/span>\t<\/a>\n\n[\/qode_elements_holder_item][qode_elements_holder_item advanced_animations=&#8221;no&#8221; item_padding=&#8221;12% 37% 0% 3%&#8221; item_padding_1280_1440=&#8221;12% 26% 0% 3%&#8221; item_padding_1024_1280=&#8221;12% 15% 0% 3%&#8221; item_padding_768_1024=&#8221;12% 4% 0% 2%&#8221; item_padding_600_768=&#8221;12% 4% 0% 4%&#8221; item_padding_480_600=&#8221;12% 4% 0% 4%&#8221; item_padding_480=&#8221;12% 4% 0% 4%&#8221;][vc_single_image image=&#8221;592&#8243; img_size=&#8221;full&#8221; alignment=&#8221;center&#8221; qode_css_animation=&#8221;&#8221;][\/qode_elements_holder_item][\/qode_elements_holder][\/vc_column][\/vc_row][vc_row css_animation=&#8221;&#8221; row_type=&#8221;row&#8221; use_row_as_full_screen_section=&#8221;no&#8221; type=&#8221;grid&#8221; angled_section=&#8221;no&#8221; text_align=&#8221;left&#8221; background_image_as_pattern=&#8221;without_pattern&#8221; background_image=&#8221;2974&#8243; css=&#8221;.vc_custom_1717741725081{margin-top: 50px !important;padding-top: 30% !important;padding-bottom: 20% !important;background-image: url(https:\/\/kapres.es\/wp-content\/uploads\/2024\/05\/fondo-casos-exito.jpg?id=2974) !important;background-position: center !important;background-repeat: no-repeat !important;background-size: cover !important;}&#8221; z_index=&#8221;&#8221; el_class=&#8221;display-n&#8221;][vc_column][\/vc_column][\/vc_row][vc_row css_animation=&#8221;&#8221; row_type=&#8221;row&#8221; use_row_as_full_screen_section=&#8221;no&#8221; type=&#8221;grid&#8221; angled_section=&#8221;no&#8221; text_align=&#8221;left&#8221; background_image_as_pattern=&#8221;without_pattern&#8221; css=&#8221;.vc_custom_1717741699556{padding-top: 145px !important;padding-bottom: 30px !important;}&#8221; el_class=&#8221;slider-row display-n&#8221; z_index=&#8221;&#8221;][vc_column css=&#8221;.vc_custom_1509010708039{margin-top: -51% !important;}&#8221;][qode_elements_holder number_of_columns=&#8221;one_column&#8221;][qode_elements_holder_item advanced_animations=&#8221;no&#8221; item_padding=&#8221;0 0 0 0&#8243; item_padding_1280_1440=&#8221;13% 0 0 0&#8243; item_padding_1024_1280=&#8221;13% 0 0 0&#8243; item_padding_768_1024=&#8221;127px 0 0 0&#8243; item_padding_600_768=&#8221;61px 0 0 0&#8243;][vc_separator type=&#8221;transparent&#8221; up=&#8221;1&#8243;][\/qode_elements_holder_item][\/qode_elements_holder][vc_separator type=&#8221;transparent&#8221; up=&#8221;-144&#8243;][vc_column_text css=&#8221;&#8221;]<\/p>\n<h1 style=\"font-size: 55px;\"><span style=\"color: #ffffff;\">Casos de <\/span> <span style=\"color: #19a73a;\">\u00c9XITO<\/span><\/h1>\n<p>[\/vc_column_text][vc_empty_space height=&#8221;12px&#8221;][vc_column_text css=&#8221;&#8221;]<\/p>\n<h4><span style=\"color: #bfbfbf;\">Logrando resultados tangibles para nuestros clientes. <\/span><\/h4>\n<p>[\/vc_column_text][vc_empty_space height=&#8221;75px&#8221;][qode_content_slider enable_drag=&#8221;yes&#8221; direction_nav=&#8221;yes&#8221; control_nav=&#8221;no&#8221; control_nav_justify=&#8221;no&#8221;][qode_content_slider_item][qode_elements_holder background_color=&#8221;#ffffff&#8221; number_of_columns=&#8221;two_columns&#8221; columns_proportion=&#8221;66_33&#8243;][qode_elements_holder_item advanced_animations=&#8221;no&#8221; background_image=&#8221;167&#8243;][vc_single_image image=&#8221;164&#8243; img_size=&#8221;full&#8221; qode_css_animation=&#8221;&#8221;][\/qode_elements_holder_item][qode_elements_holder_item advanced_animations=&#8221;no&#8221; background_image=&#8221;161&#8243; item_padding=&#8221;0px 40px 140px 40px&#8221; item_padding_1280_1440=&#8221;74px 40px 160px 65px&#8221; item_padding_1024_1280=&#8221;40px 40px 121px 40px&#8221; item_padding_768_1024=&#8221;30px 30px 21px 30px&#8221; item_padding_600_768=&#8221;100px 120px 100px 50px&#8221; item_padding_480_600=&#8221;100px 40px 100px 65px&#8221; item_padding_480=&#8221;30px 30px 80px 30px&#8221;][vc_column_text]<\/p>\n<h2>Our companies push the edge of what\u2019s possible.<\/h2>\n<p>[\/vc_column_text][vc_empty_space height=&#8221;34px&#8221;][vc_column_text]Mea ne decore iracundia, eius urbanitas te has. Elit iracundia ne est, ius primis debitis dissentiunt in, habeo corrumpit id sea. Vix no solet quaeque argumentum, at iriure\u00a0quaeque argumentum pertinax.[\/vc_column_text][\/qode_elements_holder_item][\/qode_elements_holder][\/qode_content_slider_item][qode_content_slider_item][qode_elements_holder number_of_columns=&#8221;two_columns&#8221; columns_proportion=&#8221;66_33&#8243;][qode_elements_holder_item advanced_animations=&#8221;no&#8221;][vc_single_image image=&#8221;156&#8243; img_size=&#8221;full&#8221; qode_css_animation=&#8221;&#8221;][\/qode_elements_holder_item][qode_elements_holder_item advanced_animations=&#8221;no&#8221; background_image=&#8221;162&#8243; item_padding=&#8221;0px 40px 140px 40px&#8221; item_padding_1280_1440=&#8221;74px 40px 160px 65px&#8221; item_padding_1024_1280=&#8221;40px 40px 121px 40px&#8221; item_padding_768_1024=&#8221;30px 30px 21px 30px&#8221; item_padding_600_768=&#8221;100px 120px 100px 50px&#8221; item_padding_480_600=&#8221;100px 40px 100px 65px&#8221; item_padding_480=&#8221;30px 30px 80px 30px&#8221;][vc_column_text]<\/p>\n<h2>Our companies push the edge of what is possible.<\/h2>\n<p>[\/vc_column_text][vc_empty_space height=&#8221;34px&#8221;][vc_column_text]Mea ne decore iracundia, eius urbanitas te has. Elit iracundia ne est, ius primis debitis dissentiunt in, habeo corrumpit id sea. Vix no solet quaeque argumentum, at iriure pertinax.[\/vc_column_text][\/qode_elements_holder_item][\/qode_elements_holder][\/qode_content_slider_item][qode_content_slider_item][qode_elements_holder number_of_columns=&#8221;two_columns&#8221; columns_proportion=&#8221;66_33&#8243;][qode_elements_holder_item advanced_animations=&#8221;no&#8221;][vc_single_image image=&#8221;165&#8243; img_size=&#8221;full&#8221; qode_css_animation=&#8221;&#8221;][\/qode_elements_holder_item][qode_elements_holder_item advanced_animations=&#8221;no&#8221; background_image=&#8221;151&#8243; item_padding=&#8221;0px 40px 140px 40px&#8221; item_padding_1280_1440=&#8221;74px 40px 160px 65px&#8221; item_padding_1024_1280=&#8221;40px 40px 121px 40px&#8221; item_padding_768_1024=&#8221;30px 30px 21px 30px&#8221; item_padding_600_768=&#8221;100px 120px 100px 50px&#8221; item_padding_480_600=&#8221;100px 40px 100px 65px&#8221; item_padding_480=&#8221;30px 30px 80px 30px&#8221;][vc_column_text]<\/p>\n<h2>Our companies push the edge of what is possible.<\/h2>\n<p>[\/vc_column_text][vc_empty_space height=&#8221;34px&#8221;][vc_column_text]Mea ne decore iracundia, eius urbanitas te has. Elit iracundia ne est, ius primis debitis dissentiunt in, habeo corrumpit id sea. Vix no solet quaeque argumentum, at iriure pertinax.[\/vc_column_text][\/qode_elements_holder_item][\/qode_elements_holder][\/qode_content_slider_item][\/qode_content_slider][\/vc_column][\/vc_row]<\/p>\n<\/div>","protected":false},"excerpt":{"rendered":"<p>[vc_row css_animation=&#8221;&#8221; row_type=&#8221;row&#8221; use_row_as_full_screen_section=&#8221;no&#8221; type=&#8221;full_width&#8221; angled_section=&#8221;no&#8221; text_align=&#8221;left&#8221; background_image_as_pattern=&#8221;without_pattern&#8221;][vc_column][qode_elements_holder number_of_columns=&#8221;two_columns&#8221;][qode_elements_holder_item vertical_alignment=&#8221;middle&#8221; advanced_animations=&#8221;no&#8221; item_padding=&#8221;15% 2% 0% 38%&#8221; item_padding_1280_1440=&#8221;15% 2% 0% 26%&#8221; item_padding_1024_1280=&#8221;15% 2% 0% 19%&#8221; item_padding_768_1024=&#8221;15% 2% 0% 4%&#8221; item_padding_600_768=&#8221;15% 4% 0% 4%&#8221; item_padding_480_600=&#8221;15% 4% 0% 4%&#8221; item_padding_480=&#8221;15% 4% 0% 4%&#8221;][vc_single_image image=&#8221;405&#8243; img_size=&#8221;full&#8221; alignment=&#8221;center&#8221; qode_css_animation=&#8221;&#8221;][\/qode_elements_holder_item][qode_elements_holder_item vertical_alignment=&#8221;middle&#8221; advanced_animations=&#8221;no&#8221;&#8230;<\/p>\n","protected":false},"author":4,"featured_media":0,"parent":0,"menu_order":0,"comment_status":"closed","ping_status":"closed","template":"full_width.php","meta":{"content-type":"","footnotes":""},"class_list":["post-3623","page","type-page","status-publish","hentry"],"_links":{"self":[{"href":"https:\/\/kapres.es\/en\/wp-json\/wp\/v2\/pages\/3623","targetHints":{"allow":["GET"]}}],"collection":[{"href":"https:\/\/kapres.es\/en\/wp-json\/wp\/v2\/pages"}],"about":[{"href":"https:\/\/kapres.es\/en\/wp-json\/wp\/v2\/types\/page"}],"author":[{"embeddable":true,"href":"https:\/\/kapres.es\/en\/wp-json\/wp\/v2\/users\/4"}],"replies":[{"embeddable":true,"href":"https:\/\/kapres.es\/en\/wp-json\/wp\/v2\/comments?post=3623"}],"version-history":[{"count":2,"href":"https:\/\/kapres.es\/en\/wp-json\/wp\/v2\/pages\/3623\/revisions"}],"predecessor-version":[{"id":4928,"href":"https:\/\/kapres.es\/en\/wp-json\/wp\/v2\/pages\/3623\/revisions\/4928"}],"wp:attachment":[{"href":"https:\/\/kapres.es\/en\/wp-json\/wp\/v2\/media?parent=3623"}],"curies":[{"name":"wp","href":"https:\/\/api.w.org\/{rel}","templated":true}]}}