{"id":3614,"date":"2017-10-25T12:23:38","date_gmt":"2017-10-25T10:23:38","guid":{"rendered":"https:\/\/kapres.es\/?page_id=3614"},"modified":"2024-06-17T14:58:06","modified_gmt":"2024-06-17T12:58:06","slug":"about-us","status":"publish","type":"page","link":"https:\/\/kapres.es\/en\/about-us\/","title":{"rendered":"About Us"},"content":{"rendered":"<div class=\"wpb-content-wrapper\"><p>[vc_row css_animation=&#8221;&#8221; row_type=&#8221;row&#8221; use_row_as_full_screen_section=&#8221;no&#8221; type=&#8221;grid&#8221; angled_section=&#8221;no&#8221; text_align=&#8221;center&#8221; background_image_as_pattern=&#8221;without_pattern&#8221; padding_top=&#8221;126&#8243; padding_bottom=&#8221;127&#8243; el_class=&#8221;contenedor-flex-about&#8221; z_index=&#8221;&#8221;][vc_column offset=&#8221;vc_col-md-4&#8243;][vc_single_image image=&#8221;614&#8243; img_size=&#8221;full&#8221; alignment=&#8221;center&#8221; qode_css_animation=&#8221;&#8221;][\/vc_column][vc_column width=&#8221;2\/3&#8243; el_class=&#8221;columna-dcha-about&#8221;][vc_column_text css=&#8221;&#8221;]<\/p>\n<h3 style=\"text-align: center;\">How do we work?<\/h3>\n<p>[\/vc_column_text][vc_empty_space height=&#8221;30px&#8221;][vc_row_inner row_type=&#8221;row&#8221; type=&#8221;full_width&#8221; text_align=&#8221;center&#8221; css_animation=&#8221;&#8221;][vc_column_inner offset=&#8221;vc_col-md-6&#8243;]<div class='q_icon_with_title medium custom_icon_image center '><div class=\"icon_holder \" style=\" \"><img decoding=\"async\" src=\"https:\/\/kapres.es\/wp-content\/uploads\/2024\/03\/comunicacion.svg\" alt=\"\"><\/div><div class=\"icon_text_holder\" style=\"\"><div class=\"icon_text_inner\" style=\"\"><h4 class=\"icon_title\" style=\"color: #222428;\">Nos conocemos<\/h4><p style='color: #767676'>Conocemos al cliente para descubrir sus necesidades, y analizamos el proceso productivo para buscar soluciones eficientes.<\/p><\/div><\/div><\/div>[vc_empty_space height=&#8221;30px&#8221;][\/vc_column_inner][vc_column_inner offset=&#8221;vc_col-md-6&#8243;]<div class='q_icon_with_title medium custom_icon_image center '><div class=\"icon_holder \" style=\" \"><img decoding=\"async\" src=\"https:\/\/kapres.es\/wp-content\/uploads\/2024\/03\/analisis.svg\" alt=\"\"><\/div><div class=\"icon_text_holder\" style=\"\"><div class=\"icon_text_inner\" style=\"\"><h4 class=\"icon_title\" style=\"color: #222428;\">An\u00e1lisis<\/h4><p style='color: #767676'>Analizamos su producto, mercado, competencia, estrategias y su cultura corporativa para enfrentarnos a los proyectos con \u00e9xito.<\/p><\/div><\/div><\/div>[vc_empty_space height=&#8221;30px&#8221;][\/vc_column_inner][\/vc_row_inner][vc_row_inner row_type=&#8221;row&#8221; type=&#8221;full_width&#8221; text_align=&#8221;center&#8221; css_animation=&#8221;&#8221;][vc_column_inner offset=&#8221;vc_col-md-6&#8243;]<div class='q_icon_with_title medium custom_icon_image center '><div class=\"icon_holder \" style=\" \"><img decoding=\"async\" src=\"https:\/\/kapres.es\/wp-content\/uploads\/2024\/03\/objetivos.svg\" alt=\"\"><\/div><div class=\"icon_text_holder\" style=\"\"><div class=\"icon_text_inner\" style=\"\"><h4 class=\"icon_title\" style=\"color: #222428;\">Objetivos<\/h4><p style='color: #767676'>Definimos una hoja de ruta para cumplir con nuestros objetivos y metas de manera r\u00e1pida y eficaz.<\/p><\/div><\/div><\/div>[vc_empty_space height=&#8221;30px&#8221;][\/vc_column_inner][vc_column_inner offset=&#8221;vc_col-md-6&#8243;]<div class='q_icon_with_title medium custom_icon_image center '><div class=\"icon_holder \" style=\" \"><img decoding=\"async\" src=\"https:\/\/kapres.es\/wp-content\/uploads\/2024\/03\/pautas.svg\" alt=\"\"><\/div><div class=\"icon_text_holder\" style=\"\"><div class=\"icon_text_inner\" style=\"\"><h4 class=\"icon_title\" style=\"color: #222428;\">Pautas<\/h4><p style='color: #767676'>Construimos pautas de control de seguimiento de proyectos para evitar los obst\u00e1culos que puedan surgir en la implementaci\u00f3n de acciones.<\/p><\/div><\/div><\/div>[vc_empty_space height=&#8221;30px&#8221;][\/vc_column_inner][\/vc_row_inner][\/vc_column][\/vc_row][vc_row css_animation=&#8221;&#8221; row_type=&#8221;row&#8221; use_row_as_full_screen_section=&#8221;no&#8221; type=&#8221;full_width&#8221; angled_section=&#8221;no&#8221; text_align=&#8221;left&#8221; background_image_as_pattern=&#8221;without_pattern&#8221;][vc_column][qode_elements_holder number_of_columns=&#8221;two_columns&#8221;][qode_elements_holder_item advanced_animations=&#8221;no&#8221; background_color=&#8221;#efefef&#8221; item_padding=&#8221;17% 14% 18% 18%&#8221; item_padding_1024_1280=&#8221;17% 9% 18% 9%&#8221; item_padding_768_1024=&#8221;12% 4% 12% 5%&#8221;][vc_column_text css=&#8221;&#8221;]<\/p>\n<h2>KAPRES TECHNOLOGY<\/h2>\n<p>&nbsp;<\/p>\n<p>En Kapres Technology, nuestra cultura de experiencia y pragmatismo nos ha posicionado como l\u00edderes en soluciones TIC.<\/p>\n<p>&nbsp;<\/p>\n<p>Nos dedicamos a la innovaci\u00f3n y a ofrecer servicios de calidad, sustentados por un equipo altamente cualificado y enfocado en la satisfacci\u00f3n de nuestros clientes y empleados.[\/vc_column_text][vc_empty_space height=&#8221;40px&#8221;][vc_single_image image=&#8221;371&#8243; img_size=&#8221;medium&#8221; alignment=&#8221;center&#8221; qode_css_animation=&#8221;&#8221;][\/qode_elements_holder_item][qode_elements_holder_item cover=&#8221;yes&#8221; advanced_animations=&#8221;no&#8221; background_image=&#8221;616&#8243; item_padding=&#8221;28% 0% 32% 0&#8243;][vc_empty_space][\/qode_elements_holder_item][\/qode_elements_holder][\/vc_column][\/vc_row][vc_row css_animation=&#8221;&#8221; row_type=&#8221;row&#8221; use_row_as_full_screen_section=&#8221;no&#8221; type=&#8221;full_width&#8221; angled_section=&#8221;no&#8221; text_align=&#8221;left&#8221; background_image_as_pattern=&#8221;without_pattern&#8221; z_index=&#8221;&#8221;][vc_column][qode_elements_holder number_of_columns=&#8221;two_columns&#8221; custom_class=&#8221;contenedor-flex-reverse-quienes-somos&#8221;][qode_elements_holder_item cover=&#8221;yes&#8221; advanced_animations=&#8221;no&#8221; background_image=&#8221;605&#8243; item_padding=&#8221;28% 0% 32% 0&#8243;][vc_empty_space][\/qode_elements_holder_item][qode_elements_holder_item advanced_animations=&#8221;no&#8221; item_padding=&#8221;5%&#8221; item_padding_1024_1280=&#8221;17% 9% 18% 9%&#8221; item_padding_768_1024=&#8221;12% 4% 12% 5%&#8221;][vc_column_text]<\/p>\n<h4 style=\"text-align: center;\">PROCESO<\/h4>\n<h3 style=\"text-align: center;\">Trabajemos juntos<\/h3>\n<hr \/>\n<p>[\/vc_column_text][vc_empty_space][vc_tabs style=&#8221;boxed&#8221; el_class=&#8221;pestanas-quienes-somos&#8221;][vc_tab title=&#8221;Paso 1&#8243; tab_id=&#8221;16d35cde-49a2-8&#8243;][vc_column_text]<\/p>\n<h3><u>Elige tu soluci\u00f3n<\/u><\/h3>\n<p>[\/vc_column_text][vc_separator type=&#8221;normal&#8221; up=&#8221;15px&#8221; down=&#8221;15px&#8221; color=&#8221;rgba(0,0,0,0)&#8221;][vc_column_text]Descubre una amplia gama de soluciones tecnol\u00f3gicas adaptadas a tu negocio. Desde desarrollo de software hasta consultor\u00eda en la nube, ofrecemos opciones que se ajustan a tus necesidades. Ya sea que est\u00e9s buscando mejorar la eficiencia operativa o impulsar la innovaci\u00f3n, tenemos la soluci\u00f3n perfecta para ti.[\/vc_column_text][\/vc_tab][vc_tab title=&#8221;Paso 2&#8243; tab_id=&#8221;29d3b0ae-5b1a-3&#8243;][vc_column_text]<\/p>\n<h3><u>Solicite una reuni\u00f3n<\/u><\/h3>\n<p>[\/vc_column_text][vc_separator type=&#8221;normal&#8221; color=&#8221;rgba(0,0,0,0)&#8221; up=&#8221;15px&#8221; down=&#8221;15px&#8221;][vc_column_text]Programa una reuni\u00f3n con nuestro equipo para discutir tus necesidades y metas. Estamos aqu\u00ed para entender tu visi\u00f3n y trabajar contigo para encontrar la mejor soluci\u00f3n tecnol\u00f3gica para tu empresa. Aprovecha esta oportunidad para explorar c\u00f3mo podemos ayudarte a alcanzar tus objetivos.[\/vc_column_text][\/vc_tab][vc_tab title=&#8221;Paso 3&#8243; tab_id=&#8221;1508137737517-2-5&#8243;][vc_column_text]<\/p>\n<h3><u>Reciba un plan personalizado<\/u><\/h3>\n<p>[\/vc_column_text][vc_separator type=&#8221;normal&#8221; color=&#8221;rgba(0,0,0,0)&#8221; up=&#8221;15px&#8221; down=&#8221;15px&#8221;][vc_column_text]Obt\u00e9n un plan detallado y personalizado que se adapte a las necesidades espec\u00edficas de tu empresa. Nuestro equipo de expertos en tecnolog\u00eda analizar\u00e1 tus desaf\u00edos y objetivos para desarrollar un plan estrat\u00e9gico que maximice el potencial de tu empresa. Descubre c\u00f3mo podemos ayudarte a alcanzar el \u00e9xito tecnol\u00f3gico.[\/vc_column_text][\/vc_tab][vc_tab title=&#8221;Paso 4&#8243; tab_id=&#8221;1710158458059-3-10&#8243;][vc_column_text]<\/p>\n<h3><u>Hag\u00e1moslo realidad<\/u><\/h3>\n<p>[\/vc_column_text][vc_separator type=&#8221;normal&#8221; color=&#8221;rgba(0,0,0,0)&#8221; up=&#8221;15px&#8221; down=&#8221;15px&#8221;][vc_column_text]Trabajemos juntos para convertir tu visi\u00f3n tecnol\u00f3gica en realidad. Desde la conceptualizaci\u00f3n hasta la implementaci\u00f3n, estamos comprometidos a brindarte soluciones innovadoras y efectivas que impulsen el crecimiento de tu empresa. Con nuestro equipo a tu lado, puedes estar seguro de que tu proyecto estar\u00e1 en buenas manos.[\/vc_column_text][\/vc_tab][\/vc_tabs][\/qode_elements_holder_item][\/qode_elements_holder][\/vc_column][\/vc_row][vc_row css_animation=&#8221;&#8221; row_type=&#8221;row&#8221; use_row_as_full_screen_section=&#8221;no&#8221; type=&#8221;full_width&#8221; angled_section=&#8221;no&#8221; text_align=&#8221;left&#8221; background_image_as_pattern=&#8221;without_pattern&#8221; css=&#8221;.vc_custom_1716199941457{background-image: url(https:\/\/kapres.es\/wp-content\/uploads\/2024\/04\/background-1.jpg?id=937) !important;}&#8221; el_class=&#8221;contenedor-beneficios&#8221; z_index=&#8221;&#8221;][vc_column][vc_empty_space height=&#8221;100px&#8221;][vc_column_text]<\/p>\n<h2 style=\"text-align: center;\"><span style=\"color: #ffffff;\">BENEFICIOS<\/span><\/h2>\n<p>[\/vc_column_text][vc_empty_space height=&#8221;40px&#8221;][vc_row_inner row_type=&#8221;row&#8221; type=&#8221;full_width&#8221; text_align=&#8221;left&#8221; css_animation=&#8221;&#8221; el_class=&#8221;max1600 centrar-contenido&#8221;][vc_column_inner width=&#8221;1\/3&#8243;]<div class=\"q_pie_chart_holder\"><div class=\"q_percentage\" data-percent=\"68\" data-linewidth=\"17\" data-active=\"#19a73a\" data-noactive=\"#d0d0d0\" style=\"color:#ffffff;font-size:36px;font-weight:700;\"><span class=\"tocounter\">68<\/span>%<\/div><div class=\"pie_chart_text\"><h3 class=\"pie_title\" style=\"color: #ffffff;\">Productividad<\/h3><p style=\"color: #ffffff;\">68% de aumento en la productividad experimentado por nuestros clientes despu\u00e9s de implementar las soluciones tecnol\u00f3gicas proporcionadas por Kapres.<\/p><\/div><\/div>[vc_empty_space height=&#8221;30px&#8221;][\/vc_column_inner][vc_column_inner width=&#8221;1\/3&#8243;]<div class=\"q_pie_chart_holder\"><div class=\"q_percentage\" data-percent=\"47\" data-linewidth=\"17\" data-active=\"#19a73a\" data-noactive=\"#d0d0d0\" style=\"color:#ffffff;font-size:36px;font-weight:700;\"><span class=\"tocounter\">47<\/span>%<\/div><div class=\"pie_chart_text\"><h3 class=\"pie_title\" style=\"color: #ffffff;\">Ahorro de Costos<\/h3><p style=\"color: #ffffff;\">47% de ahorro de costos obtenido por nuestros clientes despu\u00e9s de implementar soluciones de IT proporcionadas por Kapres.<\/p><\/div><\/div>[vc_empty_space height=&#8221;30px&#8221;][\/vc_column_inner][vc_column_inner width=&#8221;1\/3&#8243;]<div class=\"q_pie_chart_holder\"><div class=\"q_percentage\" data-percent=\"100\" data-linewidth=\"17\" data-active=\"#19a73a\" data-noactive=\"#d0d0d0\" style=\"color:#ffffff;font-size:36px;font-weight:700;\"><span class=\"tocounter\">100<\/span>%<\/div><div class=\"pie_chart_text\"><h3 class=\"pie_title\" style=\"color: #ffffff;\">Satisfacci\u00f3n del Cliente<\/h3><p style=\"color: #ffffff;\">La totalidad de los clientes satisfechos con los servicios proporcionados por Kapres, basado en encuestas de satisfacci\u00f3n o testimonios.<\/p><\/div><\/div>[vc_empty_space height=&#8221;30px&#8221;][\/vc_column_inner][\/vc_row_inner][\/vc_column][\/vc_row][vc_row css_animation=&#8221;&#8221; row_type=&#8221;row&#8221; use_row_as_full_screen_section=&#8221;no&#8221; type=&#8221;grid&#8221; angled_section=&#8221;no&#8221; text_align=&#8221;left&#8221; background_image_as_pattern=&#8221;without_pattern&#8221; padding_top=&#8221;57&#8243; padding_bottom=&#8221;76&#8243; el_class=&#8221;display-n&#8221; z_index=&#8221;&#8221;][vc_column]<div class='testimonials_c_holder clearfix dark'><div class=\"testimonials_c testimonials_c_carousel\" data-show-navigation=\"yes\" data-animation-speed=\"\" data-auto-rotate-slides=\"3\" data-number-per-slide=\"3\"><ul class=\"slides\">Sorry, no posts matched your criteria.<\/ul><\/div><\/div>[\/vc_column][\/vc_row][vc_row css_animation=&#8221;&#8221; row_type=&#8221;row&#8221; use_row_as_full_screen_section=&#8221;no&#8221; type=&#8221;full_width&#8221; angled_section=&#8221;no&#8221; text_align=&#8221;left&#8221; background_image_as_pattern=&#8221;without_pattern&#8221; css=&#8221;.vc_custom_1717742299772{margin-top: 50px !important;background-color: #ffffff !important;}&#8221; z_index=&#8221;&#8221; el_id=&#8221;portal-de-empleo&#8221;][vc_column][vc_text_separator title=&#8221;Env\u00edanos tu C.V.&#8221; i_icon_monosocial=&#8221;vc-mono vc-mono-email&#8221; i_icon_material=&#8221;vc-material vc-material-insert_drive_file&#8221; border=&#8221;no&#8221;][vc_empty_space height=&#8221;50px&#8221;][vc_row_inner row_type=&#8221;row&#8221; type=&#8221;full_width&#8221; text_align=&#8221;left&#8221; css_animation=&#8221;&#8221; el_class=&#8221;max1400 centrar-contenido&#8221; css=&#8221;.vc_custom_1716373827446{padding-bottom: 50px !important;}&#8221;][vc_column_inner width=&#8221;1\/2&#8243;]\n<div class=\"wpcf7 no-js\" id=\"wpcf7-f2800-o1\" lang=\"es-ES\" dir=\"ltr\" data-wpcf7-id=\"2800\">\n<div class=\"screen-reader-response\"><p role=\"status\" aria-live=\"polite\" aria-atomic=\"true\"><\/p> <ul><\/ul><\/div>\n<form action=\"\/en\/wp-json\/wp\/v2\/pages\/3614#wpcf7-f2800-o1\" method=\"post\" class=\"wpcf7-form init default\" aria-label=\"Formulario de contacto\" enctype=\"multipart\/form-data\" novalidate=\"novalidate\" data-status=\"init\">\n<fieldset class=\"hidden-fields-container\"><input type=\"hidden\" name=\"_wpcf7\" value=\"2800\" \/><input type=\"hidden\" name=\"_wpcf7_version\" value=\"6.1.5\" \/><input type=\"hidden\" name=\"_wpcf7_locale\" value=\"es_ES\" \/><input type=\"hidden\" name=\"_wpcf7_unit_tag\" value=\"wpcf7-f2800-o1\" \/><input type=\"hidden\" name=\"_wpcf7_container_post\" value=\"0\" \/><input type=\"hidden\" name=\"_wpcf7_posted_data_hash\" value=\"\" \/>\n<\/fieldset>\n<div class=\"formulario-curriculum\"><div class=\"cont-formu formu-izq\"><span class=\"wpcf7-form-control-wrap\" data-name=\"nombre\"><input size=\"40\" maxlength=\"400\" class=\"wpcf7-form-control wpcf7-text wpcf7-validates-as-required\" aria-required=\"true\" aria-invalid=\"false\" placeholder=\"Nombre\" value=\"\" type=\"text\" name=\"nombre\" \/><\/span><\/div>\n<div class=\"cont-formu formu-dch\"><span class=\"wpcf7-form-control-wrap\" data-name=\"apellidos\"><input size=\"40\" maxlength=\"400\" class=\"wpcf7-form-control wpcf7-text wpcf7-validates-as-required\" aria-required=\"true\" aria-invalid=\"false\" placeholder=\"Apellidos\" value=\"\" type=\"text\" name=\"apellidos\" \/><\/span><\/div>\n<div class=\"cont-formu formu-izq\"><span class=\"wpcf7-form-control-wrap\" data-name=\"mail\"><input size=\"40\" maxlength=\"400\" class=\"wpcf7-form-control wpcf7-email wpcf7-text wpcf7-validates-as-email\" aria-invalid=\"false\" placeholder=\"Email\" value=\"\" type=\"email\" name=\"mail\" \/><\/span><\/div>\n<div class=\"cont-formu formu-dch\"><span class=\"wpcf7-form-control-wrap\" data-name=\"puesto\"><input size=\"40\" maxlength=\"400\" class=\"wpcf7-form-control wpcf7-text wpcf7-validates-as-required\" aria-required=\"true\" aria-invalid=\"false\" placeholder=\"Puesto que solicita\" value=\"\" type=\"text\" name=\"puesto\" \/><\/span><\/div>\nEnv\u00edanos tu C.V mediante este formulario, pulsando en \"seleccionar archivo\".\nFormato admitidos: pdf, docx, jpg, jpeg y png. m\u00e1ximo 2Mb\n<span class=\"wpcf7-form-control-wrap\" data-name=\"archivo\"><input size=\"40\" class=\"wpcf7-form-control wpcf7-file\" accept=\".pdf,.docx,.jpg,.jpeg,.png\" aria-invalid=\"false\" type=\"file\" name=\"archivo\" \/><\/span>\n<br><br>\n<div class=\"formulario-antispam\"><span class=\"wpcf7-form-control-wrap\" data-name=\"antispam\"><label><span class=\"wpcf7-quiz-label\">Antispam, \u00bfCu\u00e1nto es dos mas tres en n\u00famero? =<\/span> <input size=\"40\" class=\"wpcf7-form-control wpcf7-quiz\" autocomplete=\"off\" aria-required=\"true\" aria-invalid=\"false\" type=\"text\" name=\"antispam\" \/><\/label><input type=\"hidden\" name=\"_wpcf7_quiz_answer_antispam\" value=\"dd9bc33c7b8fdf1751eb4b6d991e20f4\" \/><\/span><\/div>\n<br>\n<span><span class=\"wpcf7-form-control-wrap\" data-name=\"pol-priv\"><span class=\"wpcf7-form-control wpcf7-acceptance\"><span class=\"wpcf7-list-item\"><input type=\"checkbox\" name=\"pol-priv\" value=\"1\" aria-invalid=\"false\" \/><\/span><\/span><\/span><p style=\"margin-top: -25px;margin-left: 25px;\">He le\u00eddo y acepto la <a target=\"_blank\" href=\"https:\/\/kaprestechnology.com\/politica-de-privacidad\" rel=\"noopener\">Pol\u00edtica de Privacidad<\/a><\/p><\/span>\n<br>\n<input class=\"wpcf7-form-control wpcf7-submit has-spinner\" type=\"submit\" value=\"Enviar\" \/>\n<\/div><div class=\"wpcf7-response-output\" aria-hidden=\"true\"><\/div>\n<\/form>\n<\/div>\n[\/vc_column_inner][vc_column_inner width=&#8221;1\/2&#8243; css=&#8221;.vc_custom_1715942469841{padding-left: 40px !important;}&#8221;][vc_column_text css=&#8221;&#8221;]<\/p>\n<div style=\"max-width: 405px; margin: auto;\">\n<h4>\u00bfQU\u00c9 PERFILES NECESITAMOS?<\/h4>\n<p>&nbsp;<\/p>\n<ul>\n<li>Redes y Ciberseguridad<\/li>\n<li>RPA<\/li>\n<li>Sistemas: Workplace, Incident Manager<\/li>\n<li>Gesti\u00f3n del Cambio<\/li>\n<li>Desarrollo: .Net, Altitude, Java<\/li>\n<li>Project Management<\/li>\n<li>Pr\u00e1cticas en: desarrollo, RRHH, Ciberseguridad, RPA<\/li>\n<\/ul>\n<\/div>\n<p>[\/vc_column_text][\/vc_column_inner][\/vc_row_inner][\/vc_column][\/vc_row]<\/p>\n<\/div>","protected":false},"excerpt":{"rendered":"<p>[vc_row css_animation=&#8221;&#8221; row_type=&#8221;row&#8221; use_row_as_full_screen_section=&#8221;no&#8221; type=&#8221;grid&#8221; angled_section=&#8221;no&#8221; text_align=&#8221;center&#8221; background_image_as_pattern=&#8221;without_pattern&#8221; padding_top=&#8221;126&#8243; padding_bottom=&#8221;127&#8243; el_class=&#8221;contenedor-flex-about&#8221; z_index=&#8221;&#8221;][vc_column offset=&#8221;vc_col-md-4&#8243;][vc_single_image image=&#8221;614&#8243; img_size=&#8221;full&#8221; alignment=&#8221;center&#8221; qode_css_animation=&#8221;&#8221;][\/vc_column][vc_column width=&#8221;2\/3&#8243; el_class=&#8221;columna-dcha-about&#8221;][vc_column_text css=&#8221;&#8221;] How do we work? [\/vc_column_text][vc_empty_space height=&#8221;30px&#8221;][vc_row_inner row_type=&#8221;row&#8221; type=&#8221;full_width&#8221; text_align=&#8221;center&#8221; css_animation=&#8221;&#8221;][vc_column_inner offset=&#8221;vc_col-md-6&#8243;][vc_empty_space height=&#8221;30px&#8221;][\/vc_column_inner][vc_column_inner offset=&#8221;vc_col-md-6&#8243;][vc_empty_space height=&#8221;30px&#8221;][\/vc_column_inner][\/vc_row_inner][vc_row_inner row_type=&#8221;row&#8221; type=&#8221;full_width&#8221; text_align=&#8221;center&#8221; css_animation=&#8221;&#8221;][vc_column_inner offset=&#8221;vc_col-md-6&#8243;][vc_empty_space height=&#8221;30px&#8221;][\/vc_column_inner][vc_column_inner offset=&#8221;vc_col-md-6&#8243;][vc_empty_space height=&#8221;30px&#8221;][\/vc_column_inner][\/vc_row_inner][\/vc_column][\/vc_row][vc_row css_animation=&#8221;&#8221; row_type=&#8221;row&#8221; use_row_as_full_screen_section=&#8221;no&#8221;&#8230;<\/p>\n","protected":false},"author":4,"featured_media":0,"parent":0,"menu_order":0,"comment_status":"closed","ping_status":"closed","template":"full_width.php","meta":{"content-type":"","footnotes":""},"class_list":["post-3614","page","type-page","status-publish","hentry"],"_links":{"self":[{"href":"https:\/\/kapres.es\/en\/wp-json\/wp\/v2\/pages\/3614","targetHints":{"allow":["GET"]}}],"collection":[{"href":"https:\/\/kapres.es\/en\/wp-json\/wp\/v2\/pages"}],"about":[{"href":"https:\/\/kapres.es\/en\/wp-json\/wp\/v2\/types\/page"}],"author":[{"embeddable":true,"href":"https:\/\/kapres.es\/en\/wp-json\/wp\/v2\/users\/4"}],"replies":[{"embeddable":true,"href":"https:\/\/kapres.es\/en\/wp-json\/wp\/v2\/comments?post=3614"}],"version-history":[{"count":2,"href":"https:\/\/kapres.es\/en\/wp-json\/wp\/v2\/pages\/3614\/revisions"}],"predecessor-version":[{"id":3616,"href":"https:\/\/kapres.es\/en\/wp-json\/wp\/v2\/pages\/3614\/revisions\/3616"}],"wp:attachment":[{"href":"https:\/\/kapres.es\/en\/wp-json\/wp\/v2\/media?parent=3614"}],"curies":[{"name":"wp","href":"https:\/\/api.w.org\/{rel}","templated":true}]}}